{"id":365,"date":"2022-03-13T00:48:18","date_gmt":"2022-03-13T00:48:18","guid":{"rendered":"https:\/\/carmojr.com\/palavracantada\/?page_id=365"},"modified":"2025-02-03T15:11:31","modified_gmt":"2025-02-03T15:11:31","slug":"notacao","status":"publish","type":"page","link":"https:\/\/carmojr.com\/palavracantada\/metodologia\/notacao\/","title":{"rendered":"Nota\u00e7\u00e3o"},"content":{"rendered":"\n<h2 class=\"wp-block-heading\">NOTA\u00c7\u00c3O<\/h2>\n\n\n\n<h2 class=\"wp-block-heading\">Grade estrutural<\/h2>\n\n\n\n<p>A an\u00e1lise do <em>corpus<\/em> \u00e9 feita com o aux\u00edlio de tr\u00eas ferramentas, a <em>grade estrutural<\/em>, a <em>matriz mel\u00f3dica<\/em> e o <em>script MusicXML<\/em>. Na grade estrutural, texto e melodia s\u00e3o projetados de modo a tornar vis\u00edveis as rela\u00e7\u00f5es entre a estrutura pros\u00f3dica do texto e a estrutura r\u00edtmico-harm\u00f4nica da melodia. Os constituintes pros\u00f3dicos pertinentes para a an\u00e1lise da palavra cantada, s\u00edlaba (\u03c3), frase fonol\u00f3gica (PhP) e frase entoacional (IP) ocupam a parte superior da grade; as unidades mel\u00f3dicas, nota (N), pulso (P), c\u00e9lula mel\u00f3dica (Cm) e frase mel\u00f3dica (Fm), s\u00e3o dispostas&nbsp; na parte inferior da grade. S\u00edlabas e notas s\u00e3o ligadas por linhas de associa\u00e7\u00e3o ( | ) e pausas ou prolongamentos de notas s\u00e3o representadas pelo s\u00edmbolo (\u00f8). Em princ\u00edpio, toda melodia cantada pode ser projetada numa grade estrutural. A figura abaixo apresenta a grade do primeiro verso de <em>Felicidade <\/em>(Lupic\u00ednio Rodrigues):<\/p>\n\n\n\n<pre class=\"wp-block-preformatted\">033.01<br>IP    [                                                *    ]<br>PhP   [                *            ][ *           ][  *    ]<br>\u03c3         fe  li  ci  DA          de  FOI        sjem BO  re   <br>       \u00f8   |   |   |   |   \u00f8   \u00f8   |   |   \u00f8   \u00f8   |   |   |   <br>N          N   N   N   N           N   N           N   N   N   <br>P      *               *               *               *        <br>Cm                     *                               *<br>Fm                                                     *<\/pre>\n\n\n\n<p>A principal vantagem da representa\u00e7\u00e3o em grade \u00e9 permitir a visualiza\u00e7\u00e3o simult\u00e2nea de duas estruturas, textual e mel\u00f3dica, algo imperativo na an\u00e1lise da palavra cantada, possibilitando assim a inspe\u00e7\u00e3o direta de fen\u00f4menos pros\u00f3dicos e r\u00edtmico-mel\u00f3dicos e de sua m\u00fatua interfer\u00eancia.<\/p>\n\n\n\n<p>S\u00e3o adotadas as seguintes conven\u00e7\u00f5es quanto ao uso de s\u00edmbolos numa grade estrutural:<\/p>\n\n\n\n<p><strong>1. Refer\u00eancia ao <em>corpus<\/em>:<\/strong>&nbsp; \u00e9 feita por uma sequ\u00eancia num\u00e9rica em que os primeiros tr\u00eas algarismos indicam a can\u00e7\u00e3o e os dois \u00faltimos o verso correspondente. Por exemplo, 563.14 corresponde ao 14\u00ba verso da 563\u00aa can\u00e7\u00e3o do corpus, <em>Dr\u00e3o<\/em>, de Gilberto Gil:<\/p>\n\n\n\n<pre class=\"wp-block-preformatted\">563.14<br>N\u00e3o pen se na se pa ra \u00e7\u00e3o<\/pre>\n\n\n\n<p><strong>2. D\u00edgrafos:<\/strong> Sempre que poss\u00edvel \u00e9 empregada a representa\u00e7\u00e3o ortogr\u00e1fica na transcri\u00e7\u00e3o das s\u00edlabas. Quando necess\u00e1rio, d\u00edgrafos de s\u00edlabas com mais de tr\u00eas caracteres s\u00e3o representados conforme a seguinte conven\u00e7\u00e3o:<\/p>\n\n\n\n<pre class=\"wp-block-preformatted\">qu &gt; k -- que ro &gt; ke ro\ngu &gt; g -- gui a &gt; gi a \nch &gt; \u0283 -- chu va &gt; \u0283u va \nnh &gt; \u0272 -- ni nho &gt; ni \u0272o \nlh &gt; \u028e -- o lho &gt; o \u028eo\nrr &gt; \u0281 -- co rro &gt; co \u0281o\nss &gt; s -- ma ssa &gt; ma sa\nsc &gt; s -- nas ce &gt; na se\ns\u00e7 &gt; s -- nas \u00e7a &gt; na sa<\/pre>\n\n\n\n<p><strong>3. Ditongos:<\/strong> s\u00e3o representados pelas semiconsoantes j e w:<\/p>\n\n\n\n<pre class=\"wp-block-preformatted\">152.01\nse po ra ca swa mor mja ga \u0281ar<\/pre>\n\n\n\n<p><strong>5. S\u00edlaba (\u03c3): <\/strong>a s\u00edlaba \u00e9 a unidade elementar da hierarquia pros\u00f3dica, e na palavra cantada est\u00e1 necessariamente alinhada a uma nota (N).<\/p>\n\n\n\n<p><strong>6. P\u00e9 (\u03a3):<\/strong> Constituinte que se situa imediatamente acima da s\u00edlaba na hierarquia pros\u00f3dica. Compreende uma e apenas uma s\u00edlaba forte e pode ter de nenhuma a v\u00e1rias s\u00edlabas fracas. Em portugu\u00eas, o p\u00e9 \u00e9 bin\u00e1rio, constru\u00eddo da esquerda para a direita, com a s\u00edlaba proeminente \u00e0 esquerda (um troqueu). Dado o princ\u00edpio do Pareamento R\u00edtmico (cf. cap. 2), apenas em casos excepcionais \u00e9 necess\u00e1ria a refer\u00eancia ao p\u00e9 pros\u00f3dico (\u03a3) na an\u00e1lise da palavra cantada. Nesses casos, o p\u00e9 ser\u00e1 representado numa grade m\u00e9trica, conforme o modelo de Halle e Vergnaud (1987)<\/p>\n\n\n\n<pre class=\"wp-block-preformatted\">579.09 \n\u03a3     ( .    *    .)(  *    . )                           \n\u03c3      pro  FUN  di   DA   de<\/pre>\n\n\n\n<p><strong>7. Proemin\u00eancia relativa:<\/strong> S\u00edlabas proeminentes em decorr\u00eancia do alinhamento com os pulsos s\u00e3o representadas por caracteres em caixa alta.<\/p>\n\n\n\n<pre class=\"wp-block-preformatted\">554.0\n\u03c3    tra TEI da SU a A sa<\/pre>\n\n\n\n<p><strong>8. Palavra fonol\u00f3gica (\u03c9):<\/strong> Constituinte da hierarquia pros\u00f3dica que domina o p\u00e9 e que corresponde ao n\u00f3 terminal de uma \u00e1rvore sint\u00e1tica. A palavra fonol\u00f3gica parece ser musicalmente transparente, n\u00e3o sendo afetada pela intera\u00e7\u00e3o entre texto e melodia.<\/p>\n\n\n\n<p><strong>9. Limites da frase fonol\u00f3gica e da frase entoacional:<\/strong> Os limites da frase fonol\u00f3gica (PhP) e da frase entoacional (IP) s\u00e3o representados com colchetes, sobrepostos \u00e0 camada sil\u00e1bica. Os n\u00facleos desses constituintes s\u00e3o representados com um asterisco:<\/p>\n\n\n\n<pre class=\"wp-block-preformatted\">539.10\nIP    [                                       *  ]\nPhP   [            * ][        * ][           *  ]\n\u03c3      Eu TJA nun CI o NOS si NOS das CA te DRAIS<\/pre>\n\n\n\n<p><strong>10. Nota (N):<\/strong> &nbsp;nota \u00e9 a unidade elementar da hierarquia mel\u00f3dica. \u00c9 necessariamente alinhada a uma \u00fanica s\u00edlaba.<\/p>\n\n\n\n<p><strong>11. Slot m\u00e9trico preenchido<span style=\"color: #000000;\"> (|):<\/span><\/strong> os elementos que comp\u00f5em a cadeia m\u00e9trica da palavra cantada (slots) s\u00e3o virtuais, ou seja, podem ou n\u00e3o ser preenchidos por um par \u03c3\/N. O s\u00edmbolo | representa um slot preenchido. Por exemplo:<\/p>\n\n\n\n<pre class=\"wp-block-preformatted\">521.10\n\u03c3     Eu  tja nun CI   o  nos si  NOS das ca  te DRAIS\n       |   |   |   |   |   |   |   |   |   |   |   |\nN      N   N   N   N   N   N   N   N   N   N   N   N<\/pre>\n\n\n\n<p><strong>12. Slot m\u00e9trico n\u00e3o preenchido (\u00f8):<\/strong> os elementos que comp\u00f5em a cadeia r\u00edtmica na palavra cantada (slots) s\u00e3o virtuais, ou seja, podem ou n\u00e3o ser preenchidos por um par \u03c3\/N. O s\u00edmbolo \u00f8 representa um slot n\u00e3o preenchido. Por exemplo:<\/p>\n\n\n\n<pre class=\"wp-block-preformatted\">033.01<br>\u03c3         fe  li  ci  DA          de  FOI        sjem BO  re   <br>       \u00f8   |   |   |   |   \u00f8   \u00f8   |   |   \u00f8   \u00f8   |   |   |   <br>N          N   N   N   N           N   N           N   N   N   <br><\/pre>\n\n\n\n<p><strong>13. Apagamento sil\u00e1bico (\u03c3\u00f8):<\/strong> Processo de reestrutura\u00e7\u00e3o da cadeia sil\u00e1bica em que<span style=\"font-weight: 400;\"> uma s\u00edlaba \u00e9 apagada para n\u00e3o violar o Princ\u00edpio de Pareamento M\u00e9trico (cf cap. ?). S\u00e3o de interesse particular os casos de apagamento que v\u00e3o de encontro \u00e0 fonologia do portugu\u00eas. Por exemplo:&nbsp;<\/span><\/p>\n\n\n\n<pre class=\"wp-block-preformatted\">541.07<br>\u03c3     TRA tei DA  su   a\u00f8  A  sa       TRA tei DA  su   A  sa<br>       |   |   |   |   \u00f8   |   |   -&gt;   |   |   |   |   |   |   <br>N      N   N   N   N   \u00f8   N   N        N   N   N   N   N   N<br><\/pre>\n\n\n\n<p><strong>14. Inser\u00e7\u00e3o sil\u00e1bica (\u00f8\u03c3):<\/strong> Processo de reestrutura\u00e7\u00e3o da cadeia sil\u00e1bica em que<span style=\"font-weight: 400;\"> uma s\u00edlaba \u00e9 inserida para n\u00e3o violar o Princ\u00edpio de Pareamento M\u00e9trico (cf cap. ?).&nbsp; Por exemplo:&nbsp;<\/span><\/p>\n\n\n\n<pre class=\"wp-block-preformatted\" style=\"font-size:12px\">087.03<br>\u03c3      eu PER gun TEJ  \u00f8   a DEUS do  C\u00c9U  aj       eu PER gun TE  \u00f8EJ  a DEUS do  C\u00c9U  aj<br>       |   |   |   |   |   |   |   |   |   |   -&gt;   |   |   |   |   |   |   |   |   |   |<br>N      N   N   N   N   N   N   N   N   N   N        N   N   N   N   N   N   N   N   N   N     <br><\/pre>\n\n\n\n<p><strong>15. Apagamento mel\u00f3dico (N\u00f8):<\/strong> Processo de reestrutura\u00e7\u00e3o da cadeia mel\u00f3dica em que<span style=\"font-weight: 400;\"> uma nota \u00e9 apagada para n\u00e3o violar o Princ\u00edpio de Pareamento M\u00e9trico (cf cap. ?). Nesse caso.<\/span><\/p>\n\n\n\n<pre class=\"wp-block-preformatted\" style=\"font-size:11px\">434.02<br>\u03c3     Por  kje&nbsp;&nbsp; \u00f8  kjew  sou&nbsp; t\u00e3o  ca&nbsp;&nbsp; la   do       Por  kje&nbsp;&nbsp;kjew sou&nbsp; t\u00e3o  ca&nbsp;&nbsp; la   do<br>       | &nbsp;  | &nbsp;  \u00f8 &nbsp;  | &nbsp;  | &nbsp;  | &nbsp;  |  &nbsp; | &nbsp;  |   -&gt;   | &nbsp;  | &nbsp;  | &nbsp;  | &nbsp;  | &nbsp;  | &nbsp;  |  &nbsp; |<br>       N &nbsp;&nbsp; N&nbsp; &nbsp; N\u00f8 &nbsp; N  &nbsp; N &nbsp;&nbsp; N &nbsp;&nbsp; N  &nbsp; N  &nbsp; N        N &nbsp;&nbsp; N  &nbsp; N  &nbsp; N &nbsp;&nbsp; N &nbsp;&nbsp; N  &nbsp; N  &nbsp; N<br><\/pre>\n\n\n\n<p><strong>16. Inser\u00e7\u00e3o mel\u00f3dica (\u00f8N):<\/strong> Processo de reestrutura\u00e7\u00e3o da cadeia sil\u00e1bica em que<span style=\"font-weight: 400;\"> uma s\u00edlaba \u00e9 inserida para n\u00e3o violar o Princ\u00edpio de Pareamento M\u00e9trico (cf cap. ?).&nbsp; Por exemplo:<\/span><\/p>\n\n\n\n<pre class=\"wp-block-preformatted\" style=\"font-size:11px\">500.02<br> &nbsp;&nbsp;&nbsp;&nbsp;&nbsp;<br>\u03c3     que  S\u00d3 &nbsp; quan&nbsp; do&nbsp; CRU &nbsp;zaj&nbsp; pi &nbsp; RAN  ga        que  S\u00d3 &nbsp; quan&nbsp; do&nbsp; CRU &nbsp;zaj&nbsp; pi &nbsp; RAN  ga<br>       | &nbsp; &nbsp;| &nbsp; &nbsp;| &nbsp; &nbsp;| &nbsp; &nbsp;| &nbsp; &nbsp;| &nbsp; &nbsp;| &nbsp; &nbsp;|  &nbsp; |   -&gt;    | &nbsp; &nbsp;| &nbsp; &nbsp;| &nbsp; &nbsp;| &nbsp; &nbsp;| &nbsp; &nbsp;| &nbsp; &nbsp;| &nbsp; &nbsp;|  &nbsp; |     <br>N      \u00f8N &nbsp; N  &nbsp; N  &nbsp; N  &nbsp; N  &nbsp; N  &nbsp; N  &nbsp; N  &nbsp; N &nbsp; &nbsp;     N&nbsp; &nbsp; N  &nbsp; N  &nbsp; N  &nbsp; N  &nbsp; N  &nbsp; N  &nbsp; N  &nbsp; N<br><\/pre>\n\n\n\n<p><strong>17. Pulso (P) : <span style=\"font-weight: 400;\">Unidade virtual da cadeia mel\u00f3dica. Os pulsos s<\/span><\/strong>\u00e3o representados abaixo da cadeia da notas e s\u00e3o alinhados a estas, aos seus prolongamentos ou \u00e0s pausas. S\u00edlabas alinhadas aos pulsos s\u00e3o sempre proeminentes e s\u00e3o sempre grafadas em caixa alta:<\/p>\n\n\n\n<pre class=\"wp-block-preformatted\">527.01<br>\u03c3  &nbsp;  e&nbsp; XIS tir MOS&nbsp; a&nbsp; QUE se  RA  que SE  des TI          na<br> &nbsp; &nbsp;  |&nbsp;&nbsp; |&nbsp;&nbsp; |&nbsp;&nbsp; |&nbsp;&nbsp; |&nbsp;&nbsp; |&nbsp;&nbsp; |&nbsp;&nbsp; |&nbsp;&nbsp; |&nbsp;&nbsp; |&nbsp;&nbsp; |&nbsp;&nbsp; |&nbsp;&nbsp; \u00f8&nbsp;&nbsp; \u00f8&nbsp;&nbsp; |&nbsp;&nbsp; \u00f8<br>N&nbsp;&nbsp;&nbsp;&nbsp; N&nbsp;&nbsp; N&nbsp;&nbsp; N&nbsp;&nbsp; N&nbsp;&nbsp; N&nbsp;&nbsp; N&nbsp;&nbsp; N&nbsp;&nbsp; N&nbsp;&nbsp; N&nbsp;&nbsp; N&nbsp;&nbsp; N&nbsp;&nbsp; N&nbsp;&nbsp;      &nbsp;&nbsp; N&nbsp;&nbsp; <br>P&nbsp;&nbsp;&nbsp;&nbsp;&nbsp;&nbsp;&nbsp;&nbsp;&nbsp;*&nbsp;&nbsp;&nbsp;&nbsp;&nbsp;&nbsp; *       *       *&nbsp;&nbsp;&nbsp;&nbsp;&nbsp;&nbsp; *       *&nbsp;&nbsp;&nbsp;&nbsp;&nbsp;&nbsp; *       *<br><\/pre>\n\n\n\n<p><strong>18. S\u00edncope (&lt;\u03c3): <\/strong>Deslocamento \u00e0 esquerda de s\u00edlaba proeminente para um slot m\u00e9trico n\u00e3o alinhado a um pulso.<\/p>\n\n\n\n<pre class=\"wp-block-preformatted\">050.01-02<br>\u03c3        Sam BA  da  mi  nha TE  rra dei xa  GEN te &lt;MO              le<br>          |   |   |   |   |   |   |   |   |   |   |   |   \u00f8   \u00f8   \u00f8   |   <br>N         N   N   N   N   N   N   N   N   N   N   N   N<br>P             *               *               *               *<\/pre>\n\n\n\n<p><strong>19. C\u00e9lula mel\u00f3dica (C):&nbsp;<\/strong>Constituinte mel\u00f3dico cujo n\u00facleo porta um pulso e uma \u00fanica fun\u00e7\u00e3o harm\u00f4nica<\/p>\n\n\n\n<pre class=\"wp-block-preformatted\">535.01\nPhP   [         * ]\n\u03c3      DOIS ir M\u00c3OS\n        |   |   |\nN       N   N   N\nP       *       *\nCm              *<\/pre>\n\n\n\n<p><strong>20. Frase mel\u00f3dica (F): <\/strong>Constituinte da hierarquia mel\u00f3dic<span style=\"font-weight: 400;\">a delimitado por uma pausa e que compreende (i) duas ou mais c\u00e9lulas cont\u00edguas e (ii) uma predica\u00e7\u00e3o harm\u00f4nica (cf cap ?).<\/span><\/p>\n\n\n\n<pre class=\"wp-block-preformatted\">545.01<br>IP    [                                     *                         ] <br>PhP   [     *                ][             *                         ]<br>\u03c3      ci  DA      DE          ma  RA  vi  LHO     SA  <br>        |   |   \u00f8   |   \u00f8   \u00f8   |   |   |   |   \u00f8   |   \u00f8   \u00f8   \u00f8   \u00f8 <br>N       N   N       N           N   N   N   N       N         <br>P           *&nbsp;&nbsp;&nbsp;&nbsp;&nbsp;&nbsp; *       *       *&nbsp;&nbsp;&nbsp;&nbsp;&nbsp;&nbsp; *       *&nbsp;&nbsp;&nbsp;&nbsp;&nbsp;&nbsp; *       *   <br>Cm          *                               * <br>Fm                                          *<br><\/pre>\n\n\n\n<p><strong>21. Desalinhamento acentual (!):<\/strong> Sejam <em>S<\/em> e <em>s<\/em> duas s\u00edlabas adjacentes, uma acentuada (S) e outra n\u00e3o acentuada (s). Ocorre desalinhamento acentual se (i) <em>s<\/em> for alinhada a um pulso P e (ii) S n\u00e3o for alinhada a um pulso (P)<sup data-fn=\"72cb2258-f703-404c-9815-27b36ddce3d0\" class=\"fn\"><a href=\"#72cb2258-f703-404c-9815-27b36ddce3d0\" id=\"72cb2258-f703-404c-9815-27b36ddce3d0-link\">1<\/a><\/sup><\/p>\n\n\n\n<pre class=\"wp-block-preformatted\">385.02<br>IP    [                                     *                         ] <br>PhP   [     *                 ][            *                         ]<br>\u03c3      vai !BO             ta   a !GUA pra FO      ra  <br>        |   |   \u00f8   \u00f8   \u00f8   |   |   |   |   |   \u00f8   |   \u00f8   \u00f8   \u00f8   \u00f8 <br>N       N   N               N   N   N   N   N       N         <br>P           *&nbsp;&nbsp;&nbsp;&nbsp;&nbsp;&nbsp; *       *       *&nbsp;&nbsp;&nbsp;&nbsp;&nbsp;&nbsp; *       *&nbsp;&nbsp;&nbsp;&nbsp;&nbsp;&nbsp; *       *   <br>Cm          *                               * <br>Fm                                          *<br><\/pre>\n\n\n\n<p>&nbsp;<\/p>\n\n\n\n<h2 class=\"wp-block-heading\">Matriz mel\u00f3dica<\/h2>\n\n\n\n<p>A grade estrutural foi concebida como um instrumento para a an\u00e1lise das balizas r\u00edtmico-harm\u00f4nicas da melodia da can\u00e7\u00e3o popular, de modo a tornar vis\u00edvel a intera\u00e7\u00e3o entre a r\u00edtmica mel\u00f3dica e a pros\u00f3dia da l\u00edngua. Trata-se de uma rela\u00e7\u00e3o entre duas hierarquias, cada uma das quais constru\u00edda com diferentes componentes e sujeitas a regras pr\u00f3prias. O m\u00e9todo de representa\u00e7\u00e3o em grade oculta deliberadamente o contorno mel\u00f3dico, de modo a destacar a estrutura r\u00edtmica, harm\u00f4nica e fr\u00e1sica a ele subjacentes. Assim, a grade estrutural extrai da melodia aquilo que, em princ\u00edpio, constitui sua ess\u00eancia, o contorno mel\u00f3dico.<\/p>\n\n\n\n<p><span style=\"font-weight: 400;\">No entanto, \u00e9 no contorno mel\u00f3dico que reside a informa\u00e7\u00e3o tensiva de uma melodia. \u00c9 manipulando as curvas mel\u00f3dicas da can\u00e7\u00e3o, fazendo com que seus contornos sejam mais ou menos reiterados, introduzindo saltos ou grada\u00e7\u00f5es, que se criam efeitos de sentido, com a alegria, tristeza,&nbsp; a paix\u00e3o, enfim, os estados de alma que constituem os ingredientes b\u00e1sicos do sentido na can\u00e7\u00e3o popular.<\/span><\/p>\n\n\n\n<p>O m\u00e9todo de representa\u00e7\u00e3o do contorno mel\u00f3dico que adotaremos \u00e9 derivado de uma linguagem de marca\u00e7\u00e3o desenvolvida para representa\u00e7\u00e3o de nota\u00e7\u00e3o musical (MusicXML). Trata-se de um&nbsp;<em>script&nbsp;<\/em>que extrai mecanicamente um conjunto de informa\u00e7\u00f5es pertinentes para a an\u00e1lise da palavra cantada. A figura abaixo apresenta o contorno mel\u00f3dico do primeiro verso de <em>Felicidade <\/em>(Lupic\u00ednio Rodrigues), obtida por meio desse script:<\/p>\n\n\n\n<p>&nbsp;<\/p>\n\n\n\n<figure class=\"wp-block-image\"><img loading=\"lazy\" decoding=\"async\" width=\"600\" height=\"303\" src=\"https:\/\/carmojr.com\/palavracantada\/wp-content\/uploads\/2025\/01\/033.01-1.png\" alt=\"\" class=\"wp-image-1723\" srcset=\"https:\/\/carmojr.com\/palavracantada\/wp-content\/uploads\/2025\/01\/033.01-1.png 600w, https:\/\/carmojr.com\/palavracantada\/wp-content\/uploads\/2025\/01\/033.01-1-300x152.png 300w\" sizes=\"auto, (max-width: 600px) 100vw, 600px\" \/><\/figure>\n\n\n\n<p><\/p>\n\n\n\n<p>Al\u00e9m de representar o contorno, o script MusicXML pode extrair as seguintes informa\u00e7\u00f5es de uma partitura:<\/p>\n\n\n\n<p><strong>21. Compasso:<\/strong> 2\/4, 4\/4, etc.<\/p>\n\n\n\n<p><strong>22. Andamento (bpm):<\/strong> valor do andamento em (batidas por minuto)<\/p>\n\n\n\n<p><strong>23. Refer\u00eancia temporal: <\/strong>dura\u00e7\u00e3o, em segundos, da menor unidade de tempo (semicolcheia).<\/p>\n\n\n\n<p><strong>24. Quantitativo de linhas:<\/strong> n\u00famero de unidades de tempo do fragmento mel\u00f3dico.<\/p>\n\n\n\n<p><strong>25. Quantitativo de dura\u00e7\u00e3o (\u0394T):<\/strong> dura\u00e7\u00e3o (em segundos) do fragmento mel\u00f3dico.<\/p>\n\n\n\n<p><strong>26. Quantitativo de notas |N|:<\/strong>&nbsp;n\u00famero de notas do fragmento<\/p>\n\n\n\n<p><strong>27. Quantitativo de s\u00edlabas |\u03c3|: <\/strong>n\u00famero de s\u00edlabas do fragmento<\/p>\n\n\n\n<p><strong>28. Taxa de elocu\u00e7\u00e3o (TE): <\/strong>n\u00famero de s\u00edlabas por segundo<\/p>\n\n\n\n<p><strong>29. Quantitativo de pulsos (|P|): <\/strong>n\u00famero de pulsos do fragmento<\/p>\n\n\n\n<p><strong>30. Quantitativo de s\u00edlabas com acento prim\u00e1rio (|&#8217;\u03c3|): <\/strong>n\u00famero de s\u00edlabas com acento prim\u00e1rio<\/p>\n\n\n\n<p><strong>31. Quantitativo de acentos deslocados (|,\u03c3|): <\/strong>n\u00famero de s\u00edlabas t\u00f4nicas desprovidas de acento<\/p>\n\n\n\n<p><strong>32. Pareamento acento\/pulso (|N\u03c3|: <\/strong>n\u00famero de s\u00edlabas pareadas com notas<\/p>\n\n\n\n<p><strong>33. Maior valor de &lt;N: <\/strong>nota mais alta da melodia<\/p>\n\n\n\n<p><strong>34. Menor valor de &gt;N: <\/strong>nota mais baixa da melodia<\/p>\n\n\n\n<p><strong>35. Tessitura (T): <\/strong>diferen\u00e7a entre a nota mais baixa da melodia<\/p>\n\n\n\n<p><strong>36. Coeficiente f\u00f3rico (<em>f<\/em>)<em>:<\/em> <\/strong>raz\u00e3o entre a tessitura e a taxa de elocu\u00e7\u00e3o<\/p>\n\n\n\n<p><strong>37. Quantitativo |H|: <\/strong>n\u00famero de acordes do fragmento<\/p>\n\n\n\n<p><strong>38. Padr\u00e3o H:<\/strong> cadeia de acordes do fragmento<\/p>\n\n\n<div class=\"wp-block-image is-style-default\">\n<figure class=\"aligncenter size-full\"><img decoding=\"async\" src=\"https:\/\/carmojr.com\/palavracantada\/wp-content\/uploads\/2025\/02\/Rio-de-lagrimas-Lourival-dos-Santos-Tiao-Carreiro-e-Piraci.svg\" alt=\"\" class=\"wp-image-1935\"\/><\/figure>\n<\/div>\n\n\n<p><a href=\"https:\/\/carmojr.com\/palavracantada\/pareamentometrico\/\">PAREAMENTO M\u00c9TRICO<\/a><\/p>\n\n\n<ol class=\"wp-block-footnotes\"><li id=\"72cb2258-f703-404c-9815-27b36ddce3d0\">HAYES, B. (2002) <a href=\"#72cb2258-f703-404c-9815-27b36ddce3d0-link\" aria-label=\"Ir para a refer\u00eancia 1 na nota de rodap\u00e9\">\u21a9\ufe0e<\/a><\/li><\/ol>","protected":false},"excerpt":{"rendered":"<p>NOTA\u00c7\u00c3O Grade estrutural A an\u00e1lise do corpus \u00e9 feita com o aux\u00edlio de tr\u00eas ferramentas, a grade estrutural, a matriz mel\u00f3dica e o script MusicXML. Na grade estrutural, texto e melodia s\u00e3o projetados de modo a tornar vis\u00edveis as rela\u00e7\u00f5es entre a estrutura pros\u00f3dica do texto e a estrutura r\u00edtmico-harm\u00f4nica da melodia. Os constituintes pros\u00f3dicos [&hellip;]<\/p>\n","protected":false},"author":1,"featured_media":0,"parent":524,"menu_order":0,"comment_status":"closed","ping_status":"closed","template":"","meta":{"footnotes":"[{\"content\":\"HAYES, B. (2002)\",\"id\":\"72cb2258-f703-404c-9815-27b36ddce3d0\"}]"},"class_list":["post-365","page","type-page","status-publish","hentry"],"_links":{"self":[{"href":"https:\/\/carmojr.com\/palavracantada\/wp-json\/wp\/v2\/pages\/365","targetHints":{"allow":["GET"]}}],"collection":[{"href":"https:\/\/carmojr.com\/palavracantada\/wp-json\/wp\/v2\/pages"}],"about":[{"href":"https:\/\/carmojr.com\/palavracantada\/wp-json\/wp\/v2\/types\/page"}],"author":[{"embeddable":true,"href":"https:\/\/carmojr.com\/palavracantada\/wp-json\/wp\/v2\/users\/1"}],"replies":[{"embeddable":true,"href":"https:\/\/carmojr.com\/palavracantada\/wp-json\/wp\/v2\/comments?post=365"}],"version-history":[{"count":183,"href":"https:\/\/carmojr.com\/palavracantada\/wp-json\/wp\/v2\/pages\/365\/revisions"}],"predecessor-version":[{"id":1938,"href":"https:\/\/carmojr.com\/palavracantada\/wp-json\/wp\/v2\/pages\/365\/revisions\/1938"}],"up":[{"embeddable":true,"href":"https:\/\/carmojr.com\/palavracantada\/wp-json\/wp\/v2\/pages\/524"}],"wp:attachment":[{"href":"https:\/\/carmojr.com\/palavracantada\/wp-json\/wp\/v2\/media?parent=365"}],"curies":[{"name":"wp","href":"https:\/\/api.w.org\/{rel}","templated":true}]}}