{"id":369,"date":"2022-03-13T00:48:53","date_gmt":"2022-03-13T00:48:53","guid":{"rendered":"https:\/\/carmojr.com\/palavracantada\/?page_id=369"},"modified":"2025-01-04T09:22:05","modified_gmt":"2025-01-04T09:22:05","slug":"projeto","status":"publish","type":"page","link":"https:\/\/carmojr.com\/palavracantada\/","title":{"rendered":"PROJETO"},"content":{"rendered":"<p><span style=\"text-align: justify; line-height: 1.6em;\">O projeto &#8220;A palavra cantada: transcri\u00e7\u00e3o, nota\u00e7\u00e3o e an\u00e1lise&#8221; tem por objeto as rela\u00e7\u00f5es entre palavra e m\u00fasica numa perspectiva multidisciplinar, que compreende a lingu\u00edstica, a musicologia e a semi\u00f3tica<em style=\"text-align: justify; line-height: 1.6em;\">. <\/em>O projeto foi inicialmente elaborado como uma pesquisa de p\u00f3s-doutorado realizada entre 2008 e 2011 no Departamento de Lingu\u00edstica da Universidade de S\u00e3o Paulo. A pesquisa foi retomada em 2018, j\u00e1 na Universidade Federal do Paran\u00e1, com a amplia\u00e7\u00e3o do <em>corpus <\/em>e a constitui\u00e7\u00e3o de uma base de dados online. O intervalo de quase 10 anos entre o projeto inicial e sua continua\u00e7\u00e3o deu ocasi\u00e3o a uma s\u00e9rie de revis\u00f5es de ordem metodol\u00f3gica e terminol\u00f3gica, al\u00e9m da extens\u00e3o do objeto a dom\u00ednios n\u00e3o previstos no projeto de pesquisa original. \u00c9 essa vers\u00e3o ampliada do projeto que apresentamos a seguir.\u00a0 <\/span>O projeto tem tr\u00eas objetivos principais:<\/p>\n<p><span style=\"color: #333333;\">TRANSCRI\u00c7\u00c3O: e<\/span>stabelecer um m\u00e9todo de transcri\u00e7\u00e3o da palavra cantada numa linguagem de marca\u00e7\u00e3o adaptada do MusicXML. Nessa linguagem, os <span style=\"color: #333333;\">elementos textuais e musicais s\u00e3o representados<\/span> na forma de pares atributo-valor, a partir dos quais podem ser extra\u00eddas informa\u00e7\u00f5es sobre a intera\u00e7\u00e3o entre texto e melodia na palavra cantada<\/p>\n<p>NOTA\u00c7\u00c3O: fixar um sistema de nota\u00e7\u00e3o que mostre a intera\u00e7\u00e3o entre texto e melodia numa \u00fanica representa\u00e7\u00e3o gr\u00e1fica.<\/p>\n<p>AN\u00c1LISE: criar ferramentas conceituais (e aprimorar as j\u00e1 existentes) que permitam (i) descrever e explicar a natureza, o n\u00famero e a estrutura dos constituintes mel\u00f3dicos e pros\u00f3dicos pertinentes para a an\u00e1lise da palavra cantada; (ii) modelar a gram\u00e1tica subjacente \u00e0 intera\u00e7\u00e3o entre esses constituintes, ou seja, as regras que determinam o alinhamento, domin\u00e2ncia, hierarquiza\u00e7\u00e3o, etc., desses constituintes entre si; (iii) descrever os efeitos de sentido que resultam dessa intera\u00e7\u00e3o e que distinguem a palavra cantada da palavra falada; e (iv) criar\u00a0um banco de dados online de livre acesso com as transcri\u00e7\u00f5es do <em>corpus<\/em>.<\/p>\n<p><a href=\"https:\/\/carmojr.com\/palavracantada\/analise\/perturbacoes-prosodicas\/\">&gt;&gt;<\/a><\/p>\n<p>&nbsp;<\/p>\n","protected":false},"excerpt":{"rendered":"<p>O projeto &#8220;A palavra cantada: transcri\u00e7\u00e3o, nota\u00e7\u00e3o e an\u00e1lise&#8221; tem por objeto as rela\u00e7\u00f5es entre palavra e m\u00fasica numa perspectiva multidisciplinar, que compreende a lingu\u00edstica, a musicologia e a semi\u00f3tica. O projeto foi inicialmente elaborado como uma pesquisa de p\u00f3s-doutorado realizada entre 2008 e 2011 no Departamento de Lingu\u00edstica da Universidade de S\u00e3o Paulo. A [&hellip;]<\/p>\n","protected":false},"author":1,"featured_media":0,"parent":0,"menu_order":0,"comment_status":"closed","ping_status":"closed","template":"page-templates\/front-page.php","meta":{"footnotes":""},"class_list":["post-369","page","type-page","status-publish","hentry"],"_links":{"self":[{"href":"https:\/\/carmojr.com\/palavracantada\/wp-json\/wp\/v2\/pages\/369","targetHints":{"allow":["GET"]}}],"collection":[{"href":"https:\/\/carmojr.com\/palavracantada\/wp-json\/wp\/v2\/pages"}],"about":[{"href":"https:\/\/carmojr.com\/palavracantada\/wp-json\/wp\/v2\/types\/page"}],"author":[{"embeddable":true,"href":"https:\/\/carmojr.com\/palavracantada\/wp-json\/wp\/v2\/users\/1"}],"replies":[{"embeddable":true,"href":"https:\/\/carmojr.com\/palavracantada\/wp-json\/wp\/v2\/comments?post=369"}],"version-history":[{"count":56,"href":"https:\/\/carmojr.com\/palavracantada\/wp-json\/wp\/v2\/pages\/369\/revisions"}],"predecessor-version":[{"id":1434,"href":"https:\/\/carmojr.com\/palavracantada\/wp-json\/wp\/v2\/pages\/369\/revisions\/1434"}],"wp:attachment":[{"href":"https:\/\/carmojr.com\/palavracantada\/wp-json\/wp\/v2\/media?parent=369"}],"curies":[{"name":"wp","href":"https:\/\/api.w.org\/{rel}","templated":true}]}}