{"id":377,"date":"2022-03-13T00:50:22","date_gmt":"2022-03-13T00:50:22","guid":{"rendered":"https:\/\/carmojr.com\/palavracantada\/?page_id=377"},"modified":"2025-01-18T16:22:53","modified_gmt":"2025-01-18T16:22:53","slug":"insira-n","status":"publish","type":"page","link":"https:\/\/carmojr.com\/palavracantada\/regras\/alinhe-%cf%83n\/insira-n\/","title":{"rendered":"Insira N"},"content":{"rendered":"<ol>\n<li><strong>INSIRA N. <em>Se a quantidade de notas de uma frase mel\u00f3dica (F)\u00a0 for menor que o n\u00famero de s\u00edlabas de um verso correspondente (IP), uma ou mais notas devem ser inseridas at\u00e9 que <\/em>N<sub>n<\/sub> = \u03c3<sub>n<\/sub>.<\/strong><\/li>\n<li>INSIRA N:\u00a0 \u00a0 \u00a0 \u00d8 \u2192 N \/ N<sub>n<\/sub> \u00a0&lt; \u03c3<sub>n\u00a0<\/sub><\/li>\n<li>INSIRA N se realiza por meio de certos processos mel\u00f3dicos\n<ol>\n<li>Anacruse;<\/li>\n<li>Rima feminina;<\/li>\n<li>Coda;<\/li>\n<\/ol>\n<\/li>\n<li>Exemplos<\/li>\n<\/ol>\n<p align=\"JUSTIFY\">Os versos <em>Pen.sem nas cri.an.\u00e7as \/ mu.das te.le.p\u00e1.ti.cas<\/em> (565.01) t\u00eam 13 s\u00edlabas:<\/p>\n<pre style=\"padding-left: 30px;\">541.07\r\nS\u00edlaba      Pen sem nas cri an      \u00e7as mu      das     te  le  p\u00e1  ti  cas\r\n             |   |   |   |   |   *   |   |   *   |   *   |   |   |   |   |\r\nNota         N   N   N   N   N       N   N       N       N   N   N   N   N<\/pre>\n<p align=\"JUSTIFY\">Os versos <em>Pen.sem nas me.ni.nas \/ ce.gas i.ne.xa.tas<\/em> (565.02) t\u00eam 12 s\u00edlabas:<\/p>\n<pre style=\"padding-left: 30px;\">541.07\r\nS\u00edlaba      Pen sem nas me  ni      nas ce      gas      i  ne  xa      tas\r\n             |   |   |   |   |   *   |   |   *   |   *   |   |   |   *   |\r\nNota         N   N   N   N   N       N   N       N       N   N   N       N<\/pre>\n<p>Para que ALINHE (\u03c3, N) n\u00e3o seja violado, uma nota \u00e9 inserida em 565.01.<\/p>\n<p>&nbsp;<\/p>\n","protected":false},"excerpt":{"rendered":"<p>INSIRA N. Se a quantidade de notas de uma frase mel\u00f3dica (F)\u00a0 for menor que o n\u00famero de s\u00edlabas de um verso correspondente (IP), uma ou mais notas devem ser inseridas at\u00e9 que Nn = \u03c3n. INSIRA N:\u00a0 \u00a0 \u00a0 \u00d8 \u2192 N \/ Nn \u00a0&lt; \u03c3n\u00a0 INSIRA N se realiza por meio de certos [&hellip;]<\/p>\n","protected":false},"author":1,"featured_media":0,"parent":389,"menu_order":0,"comment_status":"closed","ping_status":"closed","template":"","meta":{"footnotes":""},"class_list":["post-377","page","type-page","status-publish","hentry"],"_links":{"self":[{"href":"https:\/\/carmojr.com\/palavracantada\/wp-json\/wp\/v2\/pages\/377","targetHints":{"allow":["GET"]}}],"collection":[{"href":"https:\/\/carmojr.com\/palavracantada\/wp-json\/wp\/v2\/pages"}],"about":[{"href":"https:\/\/carmojr.com\/palavracantada\/wp-json\/wp\/v2\/types\/page"}],"author":[{"embeddable":true,"href":"https:\/\/carmojr.com\/palavracantada\/wp-json\/wp\/v2\/users\/1"}],"replies":[{"embeddable":true,"href":"https:\/\/carmojr.com\/palavracantada\/wp-json\/wp\/v2\/comments?post=377"}],"version-history":[{"count":3,"href":"https:\/\/carmojr.com\/palavracantada\/wp-json\/wp\/v2\/pages\/377\/revisions"}],"predecessor-version":[{"id":1835,"href":"https:\/\/carmojr.com\/palavracantada\/wp-json\/wp\/v2\/pages\/377\/revisions\/1835"}],"up":[{"embeddable":true,"href":"https:\/\/carmojr.com\/palavracantada\/wp-json\/wp\/v2\/pages\/389"}],"wp:attachment":[{"href":"https:\/\/carmojr.com\/palavracantada\/wp-json\/wp\/v2\/media?parent=377"}],"curies":[{"name":"wp","href":"https:\/\/api.w.org\/{rel}","templated":true}]}}