{"id":379,"date":"2022-03-13T00:50:48","date_gmt":"2022-03-13T00:50:48","guid":{"rendered":"https:\/\/carmojr.com\/palavracantada\/?page_id=379"},"modified":"2022-03-31T00:01:16","modified_gmt":"2022-03-31T00:01:16","slug":"apague-n","status":"publish","type":"page","link":"https:\/\/carmojr.com\/palavracantada\/regras\/alinhe-%cf%83n\/apague-n\/","title":{"rendered":"Apague N"},"content":{"rendered":"<p>APAGUE N. <em>Se o n\u00famero de s\u00edlabas de um verso for maior que o n\u00famero de notas da melodia correspondente, uma ou mais notas devem ser inseridas at\u00e9 que <\/em>N<sub>n<\/sub> = \u03c3<sub>n<\/sub>.<\/p>\n<p>Regra de inser\u00e7\u00e3o de N:\u00a0 \u2205\u00a0\u2192 N \/ N<sub>n<\/sub> &lt; \u03c3<sub>n\u00a0<\/sub><\/p>\n<p align=\"JUSTIFY\">Exemplo:<\/p>\n<p align=\"JUSTIFY\">Os versos <em>Pen.sem nas cri.an.\u00e7as \/ mu.das te.le.p\u00e1.ti.cas<\/em> (565.01) t\u00eam 13 s\u00edlabas:<\/p>\n<pre>541.07\r\nS\u00edlaba      Pen sem nas cri an      \u00e7as mu      das     te  le  p\u00e1  ti  cas\r\n             |   |   |   |   |   *   |   |   *   |   *   |   |   |   |   |\r\nNota         N   N   N   N   N       N   N       N       N   N   N   N   N<\/pre>\n<p align=\"JUSTIFY\">Os versos <em>Pen.sem nas me.ni.nas \/ ce.gas i.ne.xa.tas<\/em> (565.02) t\u00eam 12 s\u00edlabas:<\/p>\n<pre>541.07\r\nS\u00edlaba      Pen sem nas me  ni      nas ce      gas      i  ne  xa      tas\r\n             |   |   |   |   |   *   |   |   *   |   *   |   |   |   *   |\r\nNota         N   N   N   N   N       N   N       N       N   N   N       N<\/pre>\n<p>Para que ALINHE (\u03c3, N) n\u00e3o seja violado, uma nota \u00e9 inserida em 565.01.<\/p>\n","protected":false},"excerpt":{"rendered":"<p>APAGUE N. Se o n\u00famero de s\u00edlabas de um verso for maior que o n\u00famero de notas da melodia correspondente, uma ou mais notas devem ser inseridas at\u00e9 que Nn = \u03c3n. Regra de inser\u00e7\u00e3o de N:\u00a0 \u2205\u00a0\u2192 N \/ Nn &lt; \u03c3n\u00a0 Exemplo: Os versos Pen.sem nas cri.an.\u00e7as \/ mu.das te.le.p\u00e1.ti.cas (565.01) t\u00eam 13 [&hellip;]<\/p>\n","protected":false},"author":1,"featured_media":0,"parent":389,"menu_order":0,"comment_status":"closed","ping_status":"closed","template":"","meta":{"footnotes":""},"class_list":["post-379","page","type-page","status-publish","hentry"],"_links":{"self":[{"href":"https:\/\/carmojr.com\/palavracantada\/wp-json\/wp\/v2\/pages\/379","targetHints":{"allow":["GET"]}}],"collection":[{"href":"https:\/\/carmojr.com\/palavracantada\/wp-json\/wp\/v2\/pages"}],"about":[{"href":"https:\/\/carmojr.com\/palavracantada\/wp-json\/wp\/v2\/types\/page"}],"author":[{"embeddable":true,"href":"https:\/\/carmojr.com\/palavracantada\/wp-json\/wp\/v2\/users\/1"}],"replies":[{"embeddable":true,"href":"https:\/\/carmojr.com\/palavracantada\/wp-json\/wp\/v2\/comments?post=379"}],"version-history":[{"count":1,"href":"https:\/\/carmojr.com\/palavracantada\/wp-json\/wp\/v2\/pages\/379\/revisions"}],"predecessor-version":[{"id":380,"href":"https:\/\/carmojr.com\/palavracantada\/wp-json\/wp\/v2\/pages\/379\/revisions\/380"}],"up":[{"embeddable":true,"href":"https:\/\/carmojr.com\/palavracantada\/wp-json\/wp\/v2\/pages\/389"}],"wp:attachment":[{"href":"https:\/\/carmojr.com\/palavracantada\/wp-json\/wp\/v2\/media?parent=379"}],"curies":[{"name":"wp","href":"https:\/\/api.w.org\/{rel}","templated":true}]}}