{"id":381,"date":"2022-03-13T00:51:52","date_gmt":"2022-03-13T00:51:52","guid":{"rendered":"https:\/\/carmojr.com\/palavracantada\/?page_id=381"},"modified":"2022-03-30T19:00:30","modified_gmt":"2022-03-30T19:00:30","slug":"insira-%cf%83","status":"publish","type":"page","link":"https:\/\/carmojr.com\/palavracantada\/regras\/alinhe-%cf%83n\/insira-%cf%83\/","title":{"rendered":"Insira \u03c3"},"content":{"rendered":"<p>INSIRA \u03c3. <em>Se o n\u00famero de s\u00edlabas de um verso for menor que o n\u00famero de notas da melodia correspondente, uma ou mais s\u00edlabas devem ser inseridas ou reestruturadas at\u00e9 que <\/em>N<sub>n<\/sub> = \u03c3<sub>n<\/sub>.<\/p>\n<p>Regra de inser\u00e7\u00e3o de \u03c3:\u00a0 \u2205\u00a0 \u2192\u00a0\u03c3 \/ N<sub>n<\/sub> &gt; \u03c3<sub>n\u00a0<\/sub><\/p>\n<p align=\"JUSTIFY\">Exemplo:<\/p>\n<p align=\"JUSTIFY\">O verso 541.07 <em>tra.tei.da.su.a.a.sa<\/em> tem sete s\u00edlabas, mas a melodia correspondente tem apenas seis notas. Para que ALINHE (\u03c3, N) n\u00e3o seja violado, uma s\u00edlaba \u00e9 apagada.<\/p>\n<pre>541.07\r\nS\u00edlaba      Tra     tei     da      su    (a   a)   sa\r\n             |   *   |   *   |   *   |   *  \\ \/  *   |\r\nNota         N       N       N       N       N       N<\/pre>\n<p>aplicando-se a regra de APAGUE \u03c3 aparentemente ocorre uma degemina\u00e7\u00e3o a.a \u2192 a<\/p>\n<pre>541.07\r\nS\u00edlaba      Tra     tei     da      su       a      sa\r\n             |   *   |   *   |   *   |   *   |   *   |\r\nNota         N       N       N       N       N       N<\/pre>\n<p align=\"JUSTIFY\">Observe-se que Bisol (2002:66) mostra que a degemina\u00e7\u00e3o em PB est\u00e1 sujeita a uma restri\u00e7\u00e3o r\u00edtmica. Ela se aplica apenas quando a segunda das vogais em contato n\u00e3o \u00e9 acentuada. V\u00ea-se que 541.07 n\u00e3o apresenta contexto favor\u00e1vel \u00e0 degemina\u00e7\u00e3o, uma vez que a segunda das vogais porta acento prim\u00e1rio: SU.a.A.sa. Ou seja, o apagamento da s\u00edlaba n\u00e3o resulta, de fato, de um processo fonol\u00f3gico (no caso, a degemina\u00e7\u00e3o) mas de um processo fonol\u00f3gico-musical.<\/p>\n<p>Outros exemplos:<\/p>\n","protected":false},"excerpt":{"rendered":"<p>INSIRA \u03c3. Se o n\u00famero de s\u00edlabas de um verso for menor que o n\u00famero de notas da melodia correspondente, uma ou mais s\u00edlabas devem ser inseridas ou reestruturadas at\u00e9 que Nn = \u03c3n. Regra de inser\u00e7\u00e3o de \u03c3:\u00a0 \u2205\u00a0 \u2192\u00a0\u03c3 \/ Nn &gt; \u03c3n\u00a0 Exemplo: O verso 541.07 tra.tei.da.su.a.a.sa tem sete s\u00edlabas, mas a [&hellip;]<\/p>\n","protected":false},"author":1,"featured_media":0,"parent":389,"menu_order":0,"comment_status":"closed","ping_status":"closed","template":"","meta":{"footnotes":""},"class_list":["post-381","page","type-page","status-publish","hentry"],"_links":{"self":[{"href":"https:\/\/carmojr.com\/palavracantada\/wp-json\/wp\/v2\/pages\/381","targetHints":{"allow":["GET"]}}],"collection":[{"href":"https:\/\/carmojr.com\/palavracantada\/wp-json\/wp\/v2\/pages"}],"about":[{"href":"https:\/\/carmojr.com\/palavracantada\/wp-json\/wp\/v2\/types\/page"}],"author":[{"embeddable":true,"href":"https:\/\/carmojr.com\/palavracantada\/wp-json\/wp\/v2\/users\/1"}],"replies":[{"embeddable":true,"href":"https:\/\/carmojr.com\/palavracantada\/wp-json\/wp\/v2\/comments?post=381"}],"version-history":[{"count":1,"href":"https:\/\/carmojr.com\/palavracantada\/wp-json\/wp\/v2\/pages\/381\/revisions"}],"predecessor-version":[{"id":382,"href":"https:\/\/carmojr.com\/palavracantada\/wp-json\/wp\/v2\/pages\/381\/revisions\/382"}],"up":[{"embeddable":true,"href":"https:\/\/carmojr.com\/palavracantada\/wp-json\/wp\/v2\/pages\/389"}],"wp:attachment":[{"href":"https:\/\/carmojr.com\/palavracantada\/wp-json\/wp\/v2\/media?parent=381"}],"curies":[{"name":"wp","href":"https:\/\/api.w.org\/{rel}","templated":true}]}}