{"id":385,"date":"2022-03-13T00:52:43","date_gmt":"2022-03-13T00:52:43","guid":{"rendered":"https:\/\/carmojr.com\/palavracantada\/?page_id=385"},"modified":"2025-01-20T12:47:07","modified_gmt":"2025-01-20T12:47:07","slug":"reestruturacaometrica","status":"publish","type":"page","link":"https:\/\/carmojr.com\/palavracantada\/regras\/alinhe-%cf%83n\/reestruturacaometrica\/","title":{"rendered":"Reestrutura\u00e7\u00e3o m\u00e9trica"},"content":{"rendered":"<p>[wptb id=1836]<\/p>\n<p>INSIRA \u03c3<\/p>\n<pre>586.27\r\n\u03c3               o   a  gu   EN ta     &lt;MAIS\r\n            *   |   |   |   |   |   *   |   *   \r\nN               N   N   N  \u00d8N   N   N   N      \r\nP           P               P               P\r\n<\/pre>\n<pre>587.18\r\n\u03c3          ven ceu L\u00c1   o  con CUR so  de  MIS ses su   \u00c9  ter\r\n            |   |   |   |   |   |   |   |   |   |   |   |   |                   \r\nN           N   N   N   N   N   N   N   N   N   N  \u00d8N   N   N\r\nP                   P           P           P           P  \r\n<\/pre>\n<p>APAGUE \u03c3<\/p>\n<pre>535.06\r\n\u03c3       ju  o  que se  RA nou TRAJ xis TEN cja\r\n        *   |   |   |   |   |   |   |   |   |\r\nN           N   N   N   N   N   N\u03a6   N   N   N\r\nP                       P               P<\/pre>\n","protected":false},"excerpt":{"rendered":"<p>[wptb id=1836] INSIRA \u03c3 586.27 \u03c3 o a gu EN ta &lt;MAIS * | | | | | * | * N N N N \u00d8N N N N P P P P 587.18 \u03c3 ven ceu L\u00c1 o con CUR so de MIS ses su \u00c9 ter | | | | | | | [&hellip;]<\/p>\n","protected":false},"author":1,"featured_media":0,"parent":389,"menu_order":0,"comment_status":"closed","ping_status":"closed","template":"","meta":{"footnotes":""},"class_list":["post-385","page","type-page","status-publish","hentry"],"_links":{"self":[{"href":"https:\/\/carmojr.com\/palavracantada\/wp-json\/wp\/v2\/pages\/385","targetHints":{"allow":["GET"]}}],"collection":[{"href":"https:\/\/carmojr.com\/palavracantada\/wp-json\/wp\/v2\/pages"}],"about":[{"href":"https:\/\/carmojr.com\/palavracantada\/wp-json\/wp\/v2\/types\/page"}],"author":[{"embeddable":true,"href":"https:\/\/carmojr.com\/palavracantada\/wp-json\/wp\/v2\/users\/1"}],"replies":[{"embeddable":true,"href":"https:\/\/carmojr.com\/palavracantada\/wp-json\/wp\/v2\/comments?post=385"}],"version-history":[{"count":11,"href":"https:\/\/carmojr.com\/palavracantada\/wp-json\/wp\/v2\/pages\/385\/revisions"}],"predecessor-version":[{"id":1856,"href":"https:\/\/carmojr.com\/palavracantada\/wp-json\/wp\/v2\/pages\/385\/revisions\/1856"}],"up":[{"embeddable":true,"href":"https:\/\/carmojr.com\/palavracantada\/wp-json\/wp\/v2\/pages\/389"}],"wp:attachment":[{"href":"https:\/\/carmojr.com\/palavracantada\/wp-json\/wp\/v2\/media?parent=385"}],"curies":[{"name":"wp","href":"https:\/\/api.w.org\/{rel}","templated":true}]}}