{"id":395,"date":"2022-03-13T00:55:12","date_gmt":"2022-03-13T00:55:12","guid":{"rendered":"https:\/\/carmojr.com\/palavracantada\/?page_id=395"},"modified":"2025-01-15T11:08:48","modified_gmt":"2025-01-15T11:08:48","slug":"corpus-2","status":"publish","type":"page","link":"https:\/\/carmojr.com\/palavracantada\/corpus-2\/","title":{"rendered":"Corpus"},"content":{"rendered":"<ol>\n<li style=\"list-style-type: none;\">\n<ol class=\"block-editor-rich-text__editable block-editor-block-list__block wp-block is-selected is-hovered rich-text\" tabindex=\"0\" role=\"group\" contenteditable=\"true\" aria-multiline=\"true\" aria-label=\"Block: List\" data-block=\"f0796883-c248-4058-aa22-a263fcd38e0f\" data-type=\"core\/list\" data-title=\"List\">\n<li><strong>001Pedro Pedreiro<\/strong><\/li>\n<li>002 Constru\u00e7\u00e3o<\/li>\n<li>003 A Banda<\/li>\n<li>004 Funeral De Um Lavrador<\/li>\n<li>005 Roda Viva<\/li>\n<li>006 Ol\u00ea Ol\u00e1<\/li>\n<li>007 Acorda Amor<\/li>\n<li>008 Gota D\u2019\u00e1gua<\/li>\n<li><strong>009 O que \u00e9 que a baiana tem<\/strong><\/li>\n<li>010 Samba da minha terra<\/li>\n<li>011 O mar<\/li>\n<li>012 Marina<\/li>\n<li>013 Ora\u00e7\u00e3o de m\u00e3e menininha<\/li>\n<li>014 Jo\u00e3o valent\u00e3o<\/li>\n<li>015 Saudade da bahia<\/li>\n<li>016 Su\u00edte dos pescadores<\/li>\n<li><strong>017 14 anos<\/strong><\/li>\n<li>018 Mem\u00f3rias de um sargento de mil\u00edcias<\/li>\n<li>019 Conversa de malandro<\/li>\n<li>020 Sei l\u00e1 mangueira<\/li>\n<li>021 Foi um rio que passou na minha vida<\/li>\n<li>022 Coisas do mundo, minha nega<\/li>\n<li>023 Sinal fechado<\/li>\n<li>024 Recado<\/li>\n<li><strong>025 Agnus sei<\/strong><\/li>\n<li>026 Bala com bala<\/li>\n<li>027 T\u00edtulos de nobreza<\/li>\n<li>028 Ca\u00e7a \u00e0 raposa<\/li>\n<li>029 O mestre sala dos mares<\/li>\n<li>030 De frente pro crime<\/li>\n<li>031 Kid cavaquinho<\/li>\n<li>032 Dois pra l\u00e1, dois pra c\u00e1<\/li>\n<li><strong>033 Felicidade<\/strong><\/li>\n<li>034 Esses mo\u00e7os, pobres mo\u00e7os<\/li>\n<li>035 Se acaso voce chegasse<\/li>\n<li>036 Vingan\u00e7a<\/li>\n<li>037 Nervos de a\u00e7o<\/li>\n<li>038 Torre de Babel<\/li>\n<li>039 Ela disse-me assim<\/li>\n<li>040 Volta<\/li>\n<li><strong>041 Canto latino<\/strong><\/li>\n<li>042 San Vicente<\/li>\n<li>043 F\u00e9 cega, faca amolada<\/li>\n<li>044 Travessia<\/li>\n<li>045 Pai grande<\/li>\n<li>046 Saudade dos avi\u00f5es da pan air<\/li>\n<li>047 Milagre dos peixes<\/li>\n<li>048 Clube da esquina<\/li>\n<li><strong>049 Lamento<\/strong><\/li>\n<li>050 Carinhoso<\/li>\n<li>051 Urubu<\/li>\n<li>052 J\u00e1 te digo<\/li>\n<li>053 Rosa<\/li>\n<li>054 A vida \u00e9 um buraco<\/li>\n<li>055 Ing\u00eanuo<\/li>\n<li>056 Ya\u00f4<\/li>\n<li><strong>057 O teu cabelo n\u00e3o nega<\/strong><\/li>\n<li>058 No rancho fundo<\/li>\n<li>059 Moleque indigesto<\/li>\n<li>060 Chegou a hora da fogueira<\/li>\n<li>061 Serra da boa esperan\u00e7a<\/li>\n<li>062 Hino do carnaval brasileiro<\/li>\n<li>063 Eu sonhei que tu estavas t\u00e3o linda<\/li>\n<li>064 Ressurei\u00e7\u00e3o dos velhos carnavais<\/li>\n<li><strong>065 Onde esta a honestidade<\/strong><\/li>\n<li>066 Quando o samba acabou<\/li>\n<li>067 Tr\u00e9s apitos<\/li>\n<li>068 Ultimo desejo<\/li>\n<li>069 Palpite infeliz<\/li>\n<li>070 Voc\u00ea vai se quiser<\/li>\n<li>071 Feitio de ora\u00e7ao<\/li>\n<li>072 Conversa de botequim<\/li>\n<li><strong>073 Cora\u00e7\u00e3o vagabundo<\/strong><\/li>\n<li>074 Tropic\u00e1lia<\/li>\n<li>075 Alegria, alegria<\/li>\n<li>076 Canto do povo de um lugar<\/li>\n<li>077 Atr\u00e1s do trio el\u00e9trico<\/li>\n<li>078 London, London<\/li>\n<li>079 Esse cara<\/li>\n<li>080 Baby<\/li>\n<li><strong>081 Bai\u00e3o<\/strong><\/li>\n<li>082 Vira e mexe<\/li>\n<li>083 Qui nem jil\u00f3<\/li>\n<li>084 Dezessete l\u00e9gua e meia<\/li>\n<li>085 Vozes da seca<\/li>\n<li>086 Para\u00edba<\/li>\n<li>087 Asa branca<\/li>\n<li>088 Assum preto<\/li>\n<li><strong>089 Uva de caminh\u00e3o<\/strong><\/li>\n<li>090 Alegria<\/li>\n<li>091 Boas festas<\/li>\n<li>092 E o mundo n\u00e3o se acabou<\/li>\n<li>093 Camisa listrada<\/li>\n<li>094 Maria boa<\/li>\n<li>095 Fez bobagem<\/li>\n<li>096 Brasil pandeiro<\/li>\n<li><strong>097 Domingo no parque<\/strong><\/li>\n<li>098 Gel\u00e9ia geral<\/li>\n<li>099 Refazenda<\/li>\n<li>100 Soy loco por ti am\u00e9rica<\/li>\n<li>101 Aquele abra\u00e7o<\/li>\n<li>102 Expresso 2222<\/li>\n<li>103 Prociss\u00e3o<\/li>\n<li>104 Quest\u00e3o de ordem<\/li>\n<li><strong>105 Na batucada da vida<\/strong><\/li>\n<li>106 No tabuleiro da baiana<\/li>\n<li>107 Coma vai voc\u00ea<\/li>\n<li>108 Na baixa do sapateiro<\/li>\n<li>109 Aquarela do Brasil<\/li>\n<li>110 Os quindins de iai\u00e1<\/li>\n<li>111 Morena boca de ouro<\/li>\n<li>112 Risque<\/li>\n<li><strong>113 Juro<\/strong><\/li>\n<li>114 O passarinho do rel\u00f3gio<\/li>\n<li>115 Al\u00e1-la-\u00f4<\/li>\n<li>116 Al\u00f4 padeiro<\/li>\n<li>117 E o 56 n\u00e3o veio<\/li>\n<li>118 Cabo Laurindo<\/li>\n<li>119 Pra seu governo<\/li>\n<li>120 Tristeza<\/li>\n<li><strong>121 Algu\u00e9m como tu<\/strong><\/li>\n<li>122 Concei\u00e7\u00e3o<\/li>\n<li>123 A volta do Bo\u00eamio<\/li>\n<li>124 Cinderela<\/li>\n<li>125 Algu\u00e9m me disse<\/li>\n<li>126 Conversa<\/li>\n<li>127 Escultura<\/li>\n<li>128 O conde<\/li>\n<li><strong>129 O nosso amor<\/strong><\/li>\n<li>130 O que ser\u00e1 de mim<\/li>\n<li>132 Nem \u00e9 bom falar<\/li>\n<li>133 Contrastes<\/li>\n<li>133 Adeus<\/li>\n<li>134 Uma jura que eu fiz<\/li>\n<li>135 Antonico<\/li>\n<li>136 Se voc\u00ea jurar<\/li>\n<li><strong>137 Divina dama<\/strong><\/li>\n<li>138 O sol nascera<\/li>\n<li>139 Tive sim<\/li>\n<li>140 Preconceito<\/li>\n<li>141 N\u00e3o quero mais amar ningu\u00e9m<\/li>\n<li>142 Acontece<\/li>\n<li>143 Alvorada<\/li>\n<li>144 O mundo \u00e9 um moinho<\/li>\n<li><strong>145 Samba da ben\u00e7\u00e3o<\/strong><\/li>\n<li>146 Valsa de Eur\u00eddice<\/li>\n<li>147 Insensatez<\/li>\n<li>148 Rancho das namoradas<\/li>\n<li>149 Serenata do adeus<\/li>\n<li>150 Poema dos olhos da amada (https:\/\/www.cglib.org\/introducao-poema-dos-olhos-da-amada-by-baden-powell\/)<\/li>\n<li>151 Bom dia tristeza (https:\/\/www.youtube.com\/watch?v=NyZjIkGyOXc)<\/li>\n<li>152 Loura ou morena<\/li>\n<li><strong>153 Apanhei-te cavaquinho<\/strong><\/li>\n<li>154 Famoso<\/li>\n<li>155 Ameno reseda<\/li>\n<li>156 Odeon<\/li>\n<li>157 Falena<\/li>\n<li>158 Lua branca<\/li>\n<li>159 \u00d4 abre alas<\/li>\n<li>160 Ga\u00facho<\/li>\n<li><strong>161 Na \u00e1gua do rio<\/strong><\/li>\n<li>162 Agrade\u00e7o a Deus<\/li>\n<li>163 Exalta\u00e7\u00e3o a Tiradentes<\/li>\n<li>164 Her\u00f3is da Liberdade<\/li>\n<li>165 Aquarela Brasileira<\/li>\n<li>166 Obsess\u00e3o<\/li>\n<li>167 Cinco bailes da hist\u00f3ria do Rio<\/li>\n<li>168 Legado de Get\u00falio<\/li>\n<li><strong>169 Ta\u00ed<\/strong><\/li>\n<li>170 De papo pro a<\/li>\n<li>171 N\u00e3o me abandones nunca<\/li>\n<li>172 Z\u00edngara<\/li>\n<li>173 Maring\u00e1<\/li>\n<li>174 Pierr\u00f4<\/li>\n<li>175 Minha casa<\/li>\n<li>176 A flor e a vida<\/li>\n<li><strong>177 Ouvindo-te<\/strong><\/li>\n<li>178 O \u00e9brio<\/li>\n<li>179 Serenata<\/li>\n<li>180 Esquecimento<\/li>\n<li>181 Patativa<\/li>\n<li>182 Cora\u00e7\u00e3o materno<\/li>\n<li>183 Quero voltar<\/li>\n<li>184 Porta aberta<\/li>\n<li><strong>185 Moreninha da praia<\/strong><\/li>\n<li>186 Sonho de papel<\/li>\n<li>187 Yes, n\u00f3s temos bananas<\/li>\n<li>188 Touradas de Madri<\/li>\n<li>189 Pastorinhas<\/li>\n<li>190 Seu Lib\u00f3rio<\/li>\n<li>191 Copacabana<\/li>\n<li>192 Laura<\/li>\n<li><strong>193 Velho realejo<\/strong><\/li>\n<li>194 Feiti\u00e7aria<\/li>\n<li>195 Saia do caminho<\/li>\n<li>196 Vai, meu samba<\/li>\n<li>197 Mulher<\/li>\n<li>198 Se a lua contasse<\/li>\n<li>199 Enquanto houver saudade<\/li>\n<li>200 Caixinha de m\u00fasica<\/li>\n<li><strong>201 O p\u00e9 de anjo<\/strong><\/li>\n<li>202 Sai da raia<\/li>\n<li>203 N\u00e3o quero saber mais dela<\/li>\n<li>204 Alegria de caboclo<\/li>\n<li>205 Gosto que me enrosco<\/li>\n<li>206 Jura<\/li>\n<li>207 Cansei<\/li>\n<li>208 Pianola<\/li>\n<li><strong>209 Garota de Ipanema<\/strong><\/li>\n<li>210 Chega de saudade<\/li>\n<li>211 Desafinado<\/li>\n<li>212 Samba de uma nota s\u00f3<\/li>\n<li>213 A felicidade<\/li>\n<li>214 Dindi<\/li>\n<li>215 Teresa da praia<\/li>\n<li>216 Aguas de mar\u00e7o<\/li>\n<li><strong>217 Mas que nada<\/strong><\/li>\n<li>218 Que pena<\/li>\n<li>219 Cad\u00ea Tereza<\/li>\n<li>220 Charles, anjo<\/li>\n<li>221 Por causa de voc\u00ea, menina<\/li>\n<li>222 Chove chuva<\/li>\n<li>223 Pa\u00eds tropical<\/li>\n<li>224 \u00c1frica Brasil [zumbi]<\/li>\n<li><strong>225 Mulata assanhada<\/strong><\/li>\n<li>226 Errei, erramos<\/li>\n<li>227 A voc\u00ea<\/li>\n<li>228 Atire a primeira pedra<\/li>\n<li>229 Ai, que saudade da Am\u00e9lia<\/li>\n<li>230 Saudade dela<\/li>\n<li>231 Len\u00e7o branco<\/li>\n<li>232 Meus tempos de crian\u00e7a<\/li>\n<li><strong>233 Caminhemos<\/strong><\/li>\n<li>234 cabelos brancos<\/li>\n<li>235 Izaura<\/li>\n<li>236 Segredo<\/li>\n<li>237 Pra\u00e7a onze<\/li>\n<li>238 Ave Maria no morro<\/li>\n<li>239 A Lapa<\/li>\n<li>240 Pensando em ti<\/li>\n<li><strong>241 Ziriguidum<\/strong><\/li>\n<li>242 A fonte secou<\/li>\n<li>243 Mora na filosofia<\/li>\n<li>244 Na casa do Ant\u00f4nio<\/li>\n<li>245 Lamento da lavadeira<\/li>\n<li>246 Eu quero essa mulher assim mesmo<\/li>\n<li>247 Me deixa em paz<\/li>\n<li>248 O couro do falecido<\/li>\n<li><strong>249 Borond\u00e1<\/strong><\/li>\n<li>250 Chegan\u00e7a<\/li>\n<li>251 Ponteio<\/li>\n<li>252 Upa neguinho<\/li>\n<li>253 Arrast\u00e3o<\/li>\n<li>254 No cord\u00e3o da saideira<\/li>\n<li>255 Cord\u00e3o do amanhecer<\/li>\n<li>256 Viola fora de moda<\/li>\n<li><strong>257 A voz do povo<\/strong><\/li>\n<li>258 Na asa do vento<\/li>\n<li>259 Carcar\u00e1<\/li>\n<li>260 Peba na pimenta<\/li>\n<li>261 Pisa na ful\u00f4<\/li>\n<li>262 Coron\u00e9 Antonio Bento<\/li>\n<li>263 O canto da ema<\/li>\n<li>264 Sina de caboclo<\/li>\n<li><strong>265 Len\u00e7o no pesco\u00e7o<\/strong><\/li>\n<li>266 Oh! Seu Oscar<\/li>\n<li>267 Acertei no milhar<\/li>\n<li>268 Deus no c\u00e9u, ela Terra<\/li>\n<li>269 O bonde de S\u00e3o Janu\u00e1rio<\/li>\n<li>270 Em\u00edlia<\/li>\n<li>271 Louco<\/li>\n<li>272 N\u00eaga Luzia<\/li>\n<li><strong>273 Maria Bet\u00e2nia (Capiba)<\/strong><\/li>\n<li>274 Verde mar de navegar (Capiba)<\/li>\n<li>275 A mesma rosa amarela (Capiba)<\/li>\n<li>276 Na\u00e7\u00e3o Nag\u00f4 (Capiba)<\/li>\n<li>277 Evoca\u00e7\u00e3o (N. Ferreira)<\/li>\n<li>278 Qual \u00e9 o tom<\/li>\n<li>279 Minha adora\u00e7\u00e3o (N. Ferreira)<\/li>\n<li>280 Evoca\u00e7\u00e3o n.3 (N. Ferreira)<\/li>\n<li><strong>281 Vou te abandonar<\/strong><\/li>\n<li>282 Acorda Adalgisa<\/li>\n<li>283 Jocosa<\/li>\n<li>284 Isto \u00e9 bom<\/li>\n<li>285 Pelo telefone<\/li>\n<li>286 Cabide de molambo<\/li>\n<li>287 O vatap\u00e1<\/li>\n<li>288 Chu\u00e1 chu\u00e1<\/li>\n<li>289 Saudosa<\/li>\n<li>290 \u00c9 batucada<\/li>\n<li><strong>291 Menina mo\u00e7a<\/strong><\/li>\n<li>292 O pequeno burgu\u00eas<\/li>\n<li>293 Tom maior<\/li>\n<li>294 Quatro s\u00e9culos de modas e de costumes<\/li>\n<li>295 Iai\u00e1 do cais dourado<\/li>\n<li>296 Folia de reis<\/li>\n<li>297 Linha do \u00e3o<\/li>\n<li>298 Amor, pra quem nasceu?<\/li>\n<li><strong>299 Bichos da noite<\/strong><\/li>\n<li>300 Pernas<\/li>\n<li>301 Zel\u00e3o<\/li>\n<li>302 Persegui\u00e7\u00e3o \u2013 o sert\u00e3o vai virar mar<\/li>\n<li>303 Esse mundo \u00e9 meu<\/li>\n<li>304 Folha de papel<\/li>\n<li>305 Buqu\u00ea de Isabel<\/li>\n<li>306 Ponto de partida<\/li>\n<li><strong>307 Positivismo<\/strong><\/li>\n<li>308 Caixa econ\u00f4mica<\/li>\n<li>309 A mulher que ficou na ta\u00e7a<\/li>\n<li>310 Serenata<\/li>\n<li>311 Ch\u00e3o de estrelas<\/li>\n<li>312 Arranha c\u00e9u<\/li>\n<li>313 Suburbana<\/li>\n<li>314 \u00d3culos escuros<\/li>\n<li><strong>315 Rugas<\/strong><\/li>\n<li>316 Degraus da Vida<\/li>\n<li>317 Luz negra<\/li>\n<li><span style=\"font-size: 1rem;\">318 A flor e o espinho<\/span><\/li>\n<li>319 Eu e as flores<\/li>\n<li>320 Quando eu me chamar saudade<\/li>\n<li>321 Caminhando<\/li>\n<li>322 Juizo final<\/li>\n<li><strong>323 A voz do morro<\/strong><\/li>\n<li>324 Diz que fui por a\u00ed<\/li>\n<li>325 Opini\u00e3o<\/li>\n<li>326 Acender as velas<\/li>\n<li>327 Nega dinda<\/li>\n<li>328 Mascara negra<\/li>\n<li>329 O meu pecado<\/li>\n<li>330 Jaqueira da portela<\/li>\n<li><strong>331 Flor amorosa (Catulo)<\/strong><\/li>\n<li>332 Luar do sert\u00e3o (Catulo)<\/li>\n<li>333 Cabocla do caxang\u00e1 (Catulo)<\/li>\n<li>334 Talento e formosura (Catulo)<\/li>\n<li>335 Noite cheia de estrelas (Indio)<\/li>\n<li>336 \u00daltima estrofe (Indio)<\/li>\n<li>337 Apoteose do amor (Indio)<\/li>\n<li>338 Cinzas (Indio)<\/li>\n<li><strong>339<\/strong> <strong>Menino grande<\/strong><\/li>\n<li>340 Ningu\u00e9m me ama<\/li>\n<li>341 Se eu morresse amanh\u00e3 de manh\u00e3<\/li>\n<li>342 Frevo n.2 do Recife<\/li>\n<li>343 Valsa de uma cidade<\/li>\n<li>344 Can\u00e7\u00e3o da volta<\/li>\n<li>345 Suas m\u00e3os<\/li>\n<li>346 Manh\u00e3 de carnaval<\/li>\n<li><strong>347 Jo\u00e3o e Maria<\/strong><\/li>\n<li>348 Sentado \u00e0 beira do caminho<\/li>\n<li>349 Quero que v\u00e1 tudo pro inferno<\/li>\n<li>350 Se voc\u00ea pensa<\/li>\n<li>351 Festa de arromba<\/li>\n<li>352 Eu disse adeus<\/li>\n<li>353 Detalhes<\/li>\n<li>354 Proposta<\/li>\n<li><strong>355 Milha palho\u00e7a<\/strong><\/li>\n<li>356 Hist\u00f3ria junina<\/li>\n<li>357 L\u00e1bios que beijei<\/li>\n<li>358 Juramento falso<\/li>\n<li>359 Apanhei um resfriado<\/li>\n<li>360 N\u00e3o pago o bonde<\/li>\n<li>361 Hist\u00f3ria de amor<\/li>\n<li>362 Meu romance<\/li>\n<li><strong>363 A noite do meu bem<\/strong><\/li>\n<li>364 Castigo<\/li>\n<li>365 Fim de caso<\/li>\n<li>366 Ternura antiga<\/li>\n<li>367 N\u00e3o diga n\u00e3o<\/li>\n<li>368 Chove l\u00e1 fora<\/li>\n<li>369 Balan\u00e7o zona sul<\/li>\n<li>370 Sonho e saudade<\/li>\n<li><strong>371 Voc\u00ea est\u00e1 sumindo<\/strong><\/li>\n<li>372 Falsa baiana<\/li>\n<li>373 Sem compromisso<\/li>\n<li>374 Que samba bom<\/li>\n<li>375 Bolinha de papel<\/li>\n<li>376 Escurinha<\/li>\n<li>377 Cabritada mal sucedita<\/li>\n<li>378 Escurinho<\/li>\n<li><b>379 Bonde camar\u00e3o<\/b><\/li>\n<li>380 Calango<\/li>\n<li>381 Moda da mula preta<\/li>\n<li>382 Velho candeeiro<\/li>\n<li>383 O menino da porteira<\/li>\n<li>384 13 de maio<\/li>\n<li>385 Rio de l\u00e1grimas<\/li>\n<li>386 Em vez de me agradecer<\/li>\n<li><b>387 Saudosa maloca<\/b><\/li>\n<li>388 Samba do Arnesto<\/li>\n<li>389 Bom dia tristeza<\/li>\n<li>390 Trem das onze<\/li>\n<li>391 Ronda<\/li>\n<li>392 Volta por cima<\/li>\n<li>393 Pra\u00e7a Clovis<\/li>\n<li>394 Capoeira do Arnaldo<\/li>\n<li><b>395 Por quem sonha Ana Maria<\/b><\/li>\n<li>396 Presidente Bossa Nova<\/li>\n<li>397 Caixinha, obrigado<\/li>\n<li>398 Estatutos da gafieira<\/li>\n<li>399 Sinfonia do Rio de Janeiro<\/li>\n<li>400 Mocinho bonito<\/li>\n<li>401 Viva meu samba<\/li>\n<li>402 A banca do distinto<\/li>\n<li><b>403 Mascarada<\/b><\/li>\n<li>404 Pressentimento<\/li>\n<li>405 Quatro crioulos<\/li>\n<li>406 Avenida fechada<\/li>\n<li>407 Dia de gra\u00e7a<\/li>\n<li>408 De qualquer maneira<\/li>\n<li>409 Filosofia do samba<\/li>\n<li>410 O mar serenou<\/li>\n<li><strong>411\u00a0Vou danado pra catende<\/strong><\/li>\n<li>412 Agalopado<\/li>\n<li>413 Punhal de prata<\/li>\n<li>414 Em Copacabana<\/li>\n<li>415 Novena<\/li>\n<li>416 Caravana<\/li>\n<li>417 Trem dos condenados<\/li>\n<li><b>418 Madalena<\/b><\/li>\n<li>419 Abre alas<\/li>\n<li>420 Somos todos iguais nessa hora<\/li>\n<li>421 Cartomante<\/li>\n<li>422 Erva Rasteira<\/li>\n<li>423 A felicidade bate a sua porta<\/li>\n<li>424 Pois \u00e9, seu Z\u00e9<\/li>\n<li>425 Geraldinos e arquibaldos<\/li>\n<li><b>426 P\u00e9rola Negra<\/b><\/li>\n<li>427 Est\u00e1cio, holly Est\u00e1cio<\/li>\n<li>428 Juventude transviada<\/li>\n<li>429 Farrapo Humano<\/li>\n<li>430 Hotel das estrelas<\/li>\n<li>431 Mal secreto<\/li>\n<li>432 Movimento dos barcos<\/li>\n<li><b>433 Ouro de tolo<\/b><\/li>\n<li>434 Gita<\/li>\n<li>435 As aventuras de Raul Seixas na cidade de Thor<\/li>\n<li>436 Curto de v\u00e9u e grinalda<\/li>\n<li>437 Swing de campo grande<\/li>\n<li>438 Preta, pretinha<\/li>\n<li>439 Caia na estrada e perigas ver<\/li>\n<li>440 Pombo correio<\/li>\n<li><strong>441 Arrombou a festa<\/strong><\/li>\n<li><span style=\"font-size: 1rem;\">442 Perigosa<\/span><\/li>\n<li><span style=\"font-size: 1rem;\">443 2001<\/span><\/li>\n<li>444 C\u00ea t\u00e1 pensando que eu sou loki<\/li>\n<li>445 Ovelha negra<\/li>\n<li>446 Caminhante noturno<\/li>\n<li>447 Sangue latino<\/li>\n<li>448 O vira<\/li>\n<li><strong>449 Barquinho<\/strong><\/li>\n<li>450 Maria do Maranh\u00e3o<\/li>\n<li>451 Primavera<\/li>\n<li>452 Marcha da quarta-feira de cinzas<\/li>\n<li>453 Onde esta voc\u00ea<\/li>\n<li>454 Influ\u00eancia do Jazz<\/li>\n<li>455 Preciso aprender a ser s\u00f3<\/li>\n<li><strong>456 Berimbau<\/strong><\/li>\n<li>457 Samba em prel\u00fadio<\/li>\n<li>458 Raz\u00e3o de viver<\/li>\n<li>459 Por um amor maior<\/li>\n<li>460 Canto de Ossanha<\/li>\n<li>461 S\u00e1 Marina<\/li>\n<li>462 Viol\u00e3o vadio<\/li>\n<li><strong>463 Pra onde vai valente<\/strong><\/li>\n<li>464 Cuma \u00e9 o nome dele<\/li>\n<li>465 Eu s\u00f3 quero um xod\u00f3<\/li>\n<li>466 Coco das m\u00e3es<\/li>\n<li>467 A triste partida<\/li>\n<li>468 Fulo da maravilha<\/li>\n<li><strong>469 Cantiga do sapo<\/strong><\/li>\n<li>470 Meu noivado<\/li>\n<li>471 Trem de ferro<\/li>\n<li>472 Sodade, meu bem, sodade<\/li>\n<li>473 Sebastiana<\/li>\n<li>474 O \u00faltimo pau de arara<\/li>\n<li>475 Chicletes com banana<\/li>\n<li>476 Oito p\u00f3s de quadr\u00e3o<\/li>\n<li><strong>477 A malandragem<\/strong><\/li>\n<li>478 Agora \u00e9 cinzas<\/li>\n<li>478 Sorrir<\/li>\n<li>480 Ando sofrendo<\/li>\n<li>481 Meu primeiro amor<\/li>\n<li>482 A primeira vez<\/li>\n<li>483 Que bate-fundo \u00e9 esse<\/li>\n<li>484 Bar\u00e3o das cabrochas<\/li>\n<li><strong>485 Rapaz de bem<\/strong><\/li>\n<li>486 C\u00e9u e mar<\/li>\n<li>487 Seu Chopin, desculpe<\/li>\n<li>488 Eu e a brisa<\/li>\n<li>489 Prece<\/li>\n<li>490 Menina flor<\/li>\n<li><strong>491 Foi uma pedra que rolou\u00a0<\/strong><\/li>\n<li>492 Bot\u00f5es de laranjeira<\/li>\n<li>493 Onde est\u00e3o os tamborins<\/li>\n<li>494 \u00c9 com esse que eu vou<\/li>\n<li>495 Nova ilus\u00e3o<\/li>\n<li>496 Eu brinco<\/li>\n<li>497 Sei que \u00e9 covardia<\/li>\n<li><strong>498 Can\u00e7\u00e3o nordestina<\/strong><\/li>\n<li>499 Rancho da rosa encarnada<\/li>\n<li>500 Porta-estandarte<\/li>\n<li>501 Disparada<\/li>\n<li>502 De serra, de terra, de mar<\/li>\n<li>503 Z\u00e9 Pereira<\/li>\n<li>504 A baratinha<\/li>\n<li>505 Fala, meu louro<\/li>\n<li>506 At\u00e9 amanh\u00e3<\/li>\n<li>507 Carolina<\/li>\n<li>508 Hist\u00f3ria do Brasil<\/li>\n<li>509 Mam\u00e3e, eu quero<\/li>\n<li>510 Meu consolo \u00e9 voc\u00ea<\/li>\n<li>511 A Jardineira<\/li>\n<li>512 Coitado do Edgar<\/li>\n<li>513 N\u00e3o me diga adeus<\/li>\n<li>514 Chiquita bacana<\/li>\n<li>515 Tomara que chova<\/li>\n<li>516 Maria Candel\u00e1ria<\/li>\n<li>517 A lua \u00e9 camarada<\/li>\n<li>518 Bandeira branca<\/li>\n<li>519 \u00c1gua e sal<\/li>\n<li>520 Cademar<\/li>\n<li>521\u00c1gua e vinho<\/li>\n<li>522Cara com cara<\/li>\n<li>523 Foi boto, sinh\u00e1<\/li>\n<li>524 Boi-bumb\u00e1<\/li>\n<li>525 Tambataj\u00e1<\/li>\n<li>526 Morena<\/li>\n<li>527 Casa de caboclo<\/li>\n<li>528 Engenho novo<\/li>\n<li>529 Favela<\/li>\n<li>530 Funeral de um rei<\/li>\n<li>531 Cuitelinho<\/li>\n<li>532 Caju\u00edna<\/li>\n<li>533 Tempo de estio<\/li>\n<li>534 As vitrines<\/li>\n<li>535 Morro dois irm\u00e3os<\/li>\n<li>536 Retrato em branco e preto<\/li>\n<li>537 Casinha feliz<\/li>\n<li>538 A Rita<\/li>\n<li>539 Anuncia\u00e7\u00e3o<\/li>\n<li>540 Jesus Cristo<\/li>\n<li>541 A galinha<\/li>\n<li>542 O futebol<\/li>\n<li>543 Gabriela<\/li>\n<li>544 Al\u00e9m do horizonte<\/li>\n<li>545 Cidade maravilhosa<\/li>\n<li>546 Pirulito<\/li>\n<li>547 Atirei o pau no gato<\/li>\n<li>548 Bord\u00e3o do Palmeiras<\/li>\n<li>549 Bord\u00e3o do Santos<\/li>\n<li>550 Amor, I love you<\/li>\n<li>551 Voc\u00ea vai me seguir<\/li>\n<li>552 Palco<\/li>\n<li>553 Perd\u00e3o voc\u00ea<\/li>\n<li>554 Um dia de domingo<\/li>\n<li>555 Xica da Silva<\/li>\n<li>556 O ci\u00fame<\/li>\n<li>557 Valsa brasileira<\/li>\n<li>558 Tempo rei<\/li>\n<li>559 O rouxinol<\/li>\n<li>560 Sabi\u00e1<\/li>\n<li>561 Ca\u00e7ador de mim<\/li>\n<li>562 Amor<\/li>\n<li>563 Panis et circencis<\/li>\n<li>564 De noite na cama<\/li>\n<li>565 A paz<\/li>\n<li>566 S\u00edtio do pica pau amarelo<\/li>\n<li>567 O xote das meninas<\/li>\n<li>568 Dr\u00e3o<\/li>\n<li>569 Le\u00e3ozinho<\/li>\n<li>570 Sampa<\/li>\n<li>571 Bye, bye Brazil<\/li>\n<li>572 Moto-cont\u00ednuo<\/li>\n<li>573 O meu amor<\/li>\n<li>574 Deus lhe pague<\/li>\n<li>575 Noite dos mascarados<\/li>\n<li>576 Romaria<\/li>\n<li>577 Se eu te pudesse&#8230;<\/li>\n<li>578 Linda flor<\/li>\n<li>579 Eu te amo<\/li>\n<li>580 Lua de S\u00e3o Jorge<\/li>\n<li>581 O estrangeiro<\/li>\n<li>582 Lamento Sertanejo<\/li>\n<li>583 Rosa de Hiroshima<\/li>\n<li>584 Apenas um rapaz latino americano<\/li>\n<li>Caic\u00f3<\/li>\n<li>Deixa a menina (https:\/\/www.superpartituras.com.br\/chico-buarque\/deixe-a-menina-v-2)<\/li>\n<li>Miss su\u00e9ter<\/li>\n<\/ol>\n<\/li>\n<\/ol>\n","protected":false},"excerpt":{"rendered":"<p>001Pedro Pedreiro 002 Constru\u00e7\u00e3o 003 A Banda 004 Funeral De Um Lavrador 005 Roda Viva 006 Ol\u00ea Ol\u00e1 007 Acorda Amor 008 Gota D\u2019\u00e1gua 009 O que \u00e9 que a baiana tem 010 Samba da minha terra 011 O mar 012 Marina 013 Ora\u00e7\u00e3o de m\u00e3e menininha 014 Jo\u00e3o valent\u00e3o 015 Saudade da bahia 016 [&hellip;]<\/p>\n","protected":false},"author":1,"featured_media":0,"parent":0,"menu_order":0,"comment_status":"closed","ping_status":"closed","template":"","meta":{"footnotes":""},"class_list":["post-395","page","type-page","status-publish","hentry"],"_links":{"self":[{"href":"https:\/\/carmojr.com\/palavracantada\/wp-json\/wp\/v2\/pages\/395","targetHints":{"allow":["GET"]}}],"collection":[{"href":"https:\/\/carmojr.com\/palavracantada\/wp-json\/wp\/v2\/pages"}],"about":[{"href":"https:\/\/carmojr.com\/palavracantada\/wp-json\/wp\/v2\/types\/page"}],"author":[{"embeddable":true,"href":"https:\/\/carmojr.com\/palavracantada\/wp-json\/wp\/v2\/users\/1"}],"replies":[{"embeddable":true,"href":"https:\/\/carmojr.com\/palavracantada\/wp-json\/wp\/v2\/comments?post=395"}],"version-history":[{"count":45,"href":"https:\/\/carmojr.com\/palavracantada\/wp-json\/wp\/v2\/pages\/395\/revisions"}],"predecessor-version":[{"id":1784,"href":"https:\/\/carmojr.com\/palavracantada\/wp-json\/wp\/v2\/pages\/395\/revisions\/1784"}],"wp:attachment":[{"href":"https:\/\/carmojr.com\/palavracantada\/wp-json\/wp\/v2\/media?parent=395"}],"curies":[{"name":"wp","href":"https:\/\/api.w.org\/{rel}","templated":true}]}}